{"id":4088,"date":"2022-11-04T07:23:58","date_gmt":"2022-11-04T11:23:58","guid":{"rendered":"https:\/\/demo.qantumthemes.xyz\/onair2\/demo4\/"},"modified":"2025-06-20T15:56:05","modified_gmt":"2025-06-20T21:56:05","slug":"home-01","status":"publish","type":"page","link":"https:\/\/rocksoul919.com\/","title":{"rendered":"Home 01"},"content":{"rendered":"\t\t<div data-elementor-type=\"wp-page\" data-elementor-id=\"4088\" class=\"elementor elementor-4088\">\n\t\t\t\t\t\t<section class=\"elementor-section elementor-top-section elementor-element elementor-element-00df128 elementor-section-boxed elementor-section-height-default elementor-section-height-default\" data-id=\"00df128\" data-element_type=\"section\" data-e-type=\"section\" data-settings=\"{&quot;background_background&quot;:&quot;classic&quot;}\">\n\t\t\t\t\t\t<div class=\"elementor-container elementor-column-gap-default\">\n\t\t\t\t\t<div class=\"elementor-column elementor-col-100 elementor-top-column elementor-element elementor-element-47d0015\" data-id=\"47d0015\" data-element_type=\"column\" data-e-type=\"column\">\n\t\t\t<div class=\"elementor-widget-wrap elementor-element-populated\">\n\t\t\t\t\t\t<div class=\"elementor-element elementor-element-8921b7c elementor-widget elementor-widget-onair-elementor-qt-caption\" data-id=\"8921b7c\" data-element_type=\"widget\" data-e-type=\"widget\" data-widget_type=\"onair-elementor-qt-caption.default\">\n\t\t\t\t<div class=\"elementor-widget-container\">\n\t\t\t\t\t\t\t\t<h3 class=\"onair-caption qt-caption-med qt-capfont \"><span>AHORA, AL AIRE<\/span><\/h3>\n\t\t\t\t\t\t\t<\/div>\n\t\t\t\t<\/div>\n\t\t\t\t<div class=\"elementor-element elementor-element-0031572 elementor-widget elementor-widget-onair-elementor-onair\" data-id=\"0031572\" data-element_type=\"widget\" data-e-type=\"widget\" data-widget_type=\"onair-elementor-onair.default\">\n\t\t\t\t<div class=\"elementor-widget-container\">\n\t\t\t\t\t\t\t\t\t\t\t<!-- ON AIR SHOW ========================= -->\n\t\t\t\t\t\t<div class=\"qt-slick-opacity-fx qt-item qt-content-primary qtautoupdate-element qt-qtonairhero\">\n\t\t\t\t\t\t\t<div class=\"qt-part-archive-item qt-part-schedule-onair-large qt-negative\">\n\t\t\t\t\t\t\t\t<div class=\"qt-item-header\">\n\t\t\t\t\t\t\t\t\t<div class=\"qt-header-mid qt-vc\">\n\t\t\t\t\t\t\t\t\t\t<div class=\"qt-vi\">\n\t\t\t\t\t\t\t\t\t\t\t<h5 class=\"qt-caption-med qt-capfont hide-on-small-and-down\">\n\t\t\t\t\t\t\t\t\t\t\t\t\t\t\t\t\t\t\t\t\t\t\t\t<span>\n\t\t\t\t\t\t\t\t\t\t\t\t\tComenzando\t\t\t\t\t\t\t\t\t\t\t\t<\/span>\n\t\t\t\t\t\t\t\t\t\t\t\t\t\t\t\t\t\t\t\t\t\t\t<\/h5>\n\t\t\t\t\t\t\t\t\t\t\t<hr class=\"qt-spacer-s\">\n\t\t\t\t\t\t\t\t\t\t\t<h1 class=\"qt-title qt-capfont\">\n\t\t\t\t\t\t\t\t\t\t\t\t<a href=\"https:\/\/rocksoul919.com\/?shows=programacion-musical\" class=\"qt-text-shadow\">Programaci\u00f3n musical<\/a>\n\t\t\t\t\t\t\t\t\t\t\t<\/h1>\n\t\t\t\t\t\t\t\t\t\t\t<h4 class=\"qt-capfont\">\n\t\t\t\t\t\t\t\t\t\t\t\t\t\t\t\t\t\t\t\t\t\t\t<\/h4>\n\t\t\t\t\t\t\t\t\t\t\t<h4>\n\t\t\t\t\t\t\t\t\t\t\t\t\t\t\t\t\t\t\t\t\t\t\t<\/h4>\n\t\t\t\t\t\t\t\t\t\t\t<p class=\"qt-small\">\n\t\t\t\t\t\t\t\t\t\t\t\t6:00 am <i class=\"dripicons-arrow-thin-right\"><\/i> 10:00 pm\t\t\t\t\t\t\t\t\t\t\t<\/p>\n\t\t\t\t\t\t\t\t\t\t\t<hr class=\"qt-spacer-s hide-on-med-and-down\">\n\t\t\t\t\t\t\t\t\t\t\t<p class=\"hide-on-med-and-down\"><a href=\"https:\/\/rocksoul919.com\/?shows=programacion-musical\" class=\"qt-btn qt-btn-l qt-btn-primary \" tabindex=\"0\"><i class=\"dripicons-media-play\"><\/i><\/a><\/p>\n\t\t\t\t\t\t\t\t\t\t<\/div>\n\t\t\t\t\t\t\t\t\t<\/div>\n\t\t\t\t\t\t\t\t\t\t\t\t\t\t\t\t\t\t<div class=\"qt-header-bg\" data-bgimage=\"https:\/\/rocksoul919.com\/wp-content\/uploads\/2023\/11\/cabina.png\"  >\n\t\t\t\t\t\t\t\t\t<\/div>\n\t\t\t\t\t\t\t\t\t\t\t\t\t\t\t\t\t<\/div>\n\t\t\t\t\t\t\t<\/div>\n\t\t\t\t\t\t<\/div>\n\t\t\t\t\t\t<!-- ON AIR SHOW END ========================= -->\n\t\t\t\t\t\t\t\t\t\t<\/div>\n\t\t\t\t<\/div>\n\t\t\t\t<div class=\"elementor-element elementor-element-276c939 elementor-widget elementor-widget-onair-elementor-qt-caption\" data-id=\"276c939\" data-element_type=\"widget\" data-e-type=\"widget\" data-widget_type=\"onair-elementor-qt-caption.default\">\n\t\t\t\t<div class=\"elementor-widget-container\">\n\t\t\t\t\t\t\t\t<h5 class=\"onair-caption qt-caption-small qt-capfont \"><span>A CONTINUACI\u00d3N<\/span><\/h5>\n\t\t\t\t\t\t\t<\/div>\n\t\t\t\t<\/div>\n\t\t\t\t<div class=\"elementor-element elementor-element-827fa9e elementor-widget elementor-widget-onair-elementor-upcoming-shows-carousel\" data-id=\"827fa9e\" data-element_type=\"widget\" data-e-type=\"widget\" data-widget_type=\"onair-elementor-upcoming-shows-carousel.default\">\n\t\t\t\t<div class=\"elementor-widget-container\">\n\t\t\t\t\t\t\t\t\t<div id=\"qtupcomingshowscarousel\" class=\"qt-slickslider-container qt-slickslider-externalarrows qt-slickslider-carousel\">\n\t\t\t\t\t<div class=\"row\">\n\t\t\t\t\t\t<div class=\"qt-slickslider qt-invisible qt-animated qt-slickslider-multiple qt-slickslider-podcast\" \n\t\t\t\t\t\t\tdata-autoplay=\"false\" \n\t\t\t\t\t\t\tdata-arrowsmobile=\"false\" \n\t\t\t\t\t\t\tdata-centermodemobile=\"true\" \n\t\t\t\t\t\t\tdata-dotsmobile=\"false\" \n\t\t\t\t\t\t\tdata-variablewidthmobile=\"true\"\n\t\t\t\t\t\t\tdata-infinitemobile=\"false\"\n\t\t\t\t\t\t\tdata-slidestoshow=\"3\" \n\t\t\t\t\t\t\tdata-slidestoshowipad=\"2\" \n\t\t\t\t\t\t\tdata-slidestoshowmobile=\"1\" \n\t\t\t\t\t\t\tdata-variablewidth=\"false\" \n\t\t\t\t\t\t\tdata-arrows=\"true\" \n\t\t\t\t\t\t\tdata-dots=\"true\" \n\t\t\t\t\t\t\tdata-infinite=\"true\" \n\t\t\t\t\t\t\tdata-centermode=\"\" \n\t\t\t\t\t\t\tdata-pauseonhover=\"true\">\n\t\t\t\t\t\t\t\t\t\t\t<\/div>\n\t\t\t\t<\/div>\n\t\t\t<\/div>\n\t\t\t\t\t\t\t<\/div>\n\t\t\t\t<\/div>\n\t\t\t\t<div class=\"elementor-element elementor-element-44e83e5 elementor-widget elementor-widget-onair-elementor-schedule\" data-id=\"44e83e5\" data-element_type=\"widget\" data-e-type=\"widget\" data-widget_type=\"onair-elementor-schedule.default\">\n\t\t\t\t<div class=\"elementor-widget-container\">\n\t\t\t\t\t<!-- SCHEDULE ================================================== -->\n<div class=\"qt-show-schedule qt-shows-schedule-refresh\">\n\t<ul id=\"qwShowSelector\" class=\"tabs hide-on-med-and-down qt-show-schedule-menu \">\n\t\t\t\t\t\t\t <li class=\"tab\">\n\t\t\t\t\t\t <a href=\"#monday\" id=\"optionSchedulemonday\" class=\" active maincolor\">\n\t\t\t\t\t\t \tLunes a Viernes\t\t\t\t\t\t <\/a>\n\t\t\t\t\t <\/li>\n\t\t\t\t\t \t\t\t\t\t <li class=\"tab\">\n\t\t\t\t\t\t <a href=\"#saturday-2\" id=\"optionSchedulesaturday-2\" class=\"\">\n\t\t\t\t\t\t \tS\u00e1bado\t\t\t\t\t\t <\/a>\n\t\t\t\t\t <\/li>\n\t\t\t\t\t \t\t\t\t\t <li class=\"tab\">\n\t\t\t\t\t\t <a href=\"#sunday\" id=\"optionSchedulesunday\" class=\"\">\n\t\t\t\t\t\t \tDomingo\t\t\t\t\t\t <\/a>\n\t\t\t\t\t <\/li>\n\t\t\t\t\t \t<\/ul>\n\n\n\n\n\n\t\t<h4 class=\"hide-on-large-only \">Escoge un d\u00eda<\/h4>\n\t<select class=\"qt-spacer-s hide-on-large-only\" id=\"qwShowDropdown\">\n\t\t\t\t\t\t\t\t \t<option value=\"optionSchedulemonday\"  selected=\"selected\" >Lunes a Viernes<\/option>\n\t\t\t\t\t \t\t\t\t\t\t \t<option value=\"optionSchedulesaturday-2\" >S\u00e1bado<\/option>\n\t\t\t\t\t \t\t\t\t\t\t \t<option value=\"optionSchedulesunday\" >Domingo<\/option>\n\t\t\t\t\t \t\t <\/select>\n\t<hr class=\"qt-spacer-s\">\n\n\t\t\t\t<div id=\"monday\" class=\"qt-show-schedule-day qt-isactive-active\">\n\t\t\t\t<!-- SCHEDULE DAY ================================================== -->\n<div class=\"qt-show-schedule-day row qt-active-1\">\n\t\t\t\t\t\t\t\t<!-- SCHEDULE SHOW ========================= -->\n\t\t\t\t\t\t\t<div class=\"col s12 m4 l4\">\n\t\t\t\t\t\t\t\t<div class=\"qt-part-archive-item qt-part-show-schedule-day-item \">\n\t\t\t\t\t\t\t\t\t<div class=\"qt-item-header\">\n\t\t\t\t\t\t\t\t\t\t<div class=\"qt-header-mid qt-vc\">\n\t\t\t\t\t\t\t\t\t\t\t<div class=\"qt-vi\">\n\t\t\t\t\t\t\t\t\t\t\t\t<h4 class=\"qt-item-title qt-title qt-capfont\">\n\t\t\t\t\t\t\t\t\t\t\t\t\t<a href=\"https:\/\/rocksoul919.com\/?shows=programacion-musical\" class=\"qt-ellipsis  qt-t\">Programaci\u00f3n musical<\/a>\n\t\t\t\t\t\t\t\t\t\t\t\t<\/h4>\n\t\t\t\t\t\t\t\t\t\t\t\t<p class=\"qt-item-det\">\n\t\t\t\t\t\t\t\t\t\t\t\t\t<span class=\"qt-time\">6:00<\/span><span class=\"qt-am\">am<\/span><span class=\"qt-day qt-capfont\">Lunes a Viernes<\/span>\n\t\t\t\t\t\t\t\t\t\t\t\t<\/p>\n\t\t\t\t\t\t\t\t\t\t\t<\/div>\n\t\t\t\t\t\t\t\t\t\t<\/div>\n\t\t\t\t\t\t\t\t\t\t<span class=\"qt-info bottom right\"><i class=\"dripicons-information\"><\/i><\/span>\n\n\t\t\t\t\t\t\t\t\t\t\t\t\t\t\t\t\t\t\t\t\t<div class=\"qt-header-bg\" data-bgimage=\"https:\/\/rocksoul919.com\/wp-content\/uploads\/2023\/11\/cabina.png\">\n\t\t\t\t\t\t\t\t\t\t\t\t<img fetchpriority=\"high\" decoding=\"async\" width=\"690\" height=\"302\" src=\"https:\/\/rocksoul919.com\/wp-content\/uploads\/2023\/11\/cabina-690x302.png\" class=\"attachment-qantumthemes-medium size-qantumthemes-medium wp-post-image\" alt=\"\" srcset=\"https:\/\/rocksoul919.com\/wp-content\/uploads\/2023\/11\/cabina-690x302.png 690w, https:\/\/rocksoul919.com\/wp-content\/uploads\/2023\/11\/cabina-100x44.png 100w\" sizes=\"(max-width: 690px) 100vw, 690px\" \/>\t\t\t\t\t\t\t\t\t\t\t<\/div>\n\t\t\t\t\t\t\t\t\t\t \t\t\t\t\t\t\t\t\t<\/div>\n\t\t\t\t\t\t\t\t\t<div class=\"qt-overinfo qt-paper\">\n\t\t\t\t\t\t\t\t\t\t<p class=\"qt-item-det qt-accent\">\n\t\t\t\t\t\t\t\t\t\t\t<span class=\"qt-time\">6:00<\/span><span class=\"qt-am\">am<\/span><span class=\"qt-day qt-capfont\">Lunes a Viernes<\/span>\n\t\t\t\t\t\t\t\t\t\t<\/p>\n\t\t\t\t\t\t\t\t\t\t<div class=\"qt-more\">\n\t\t\t\t\t\t\t\t\t\t\t<p class=\"qt-ellipsis-2\">Programaci\u00f3n musical sin locutor<\/p>\n\t\t\t\t\t\t\t\t\t\t\t<a href=\"https:\/\/rocksoul919.com\/?shows=programacion-musical\">Ver M\u00e1s<\/a>\n\t\t\t\t\t\t\t\t\t\t<\/div>\n\t\t\t\t\t\t\t\t\t<\/div>\n\t\t\t\t\t\t\t\t<\/div>\n\t\t\t\t\t\t\t<\/div>\n\t\t\t\t\t\t\t<!-- SCHEDULE SHOW END ========================= -->\n\t\t\t\t\t\t<\/div>\n<!-- SCHEDULE DAY END ================================================== -->\t\t\t<\/div>\n\t\t\t\t\t<div id=\"saturday-2\" class=\"qt-show-schedule-day qt-isactive-\">\n\t\t\t\t<!-- SCHEDULE DAY ================================================== -->\n<div class=\"qt-show-schedule-day row qt-active-\">\n\t\t\t\t\t\t\t\t<!-- SCHEDULE SHOW ========================= -->\n\t\t\t\t\t\t\t<div class=\"col s12 m4 l4\">\n\t\t\t\t\t\t\t\t<div class=\"qt-part-archive-item qt-part-show-schedule-day-item \">\n\t\t\t\t\t\t\t\t\t<div class=\"qt-item-header\">\n\t\t\t\t\t\t\t\t\t\t<div class=\"qt-header-mid qt-vc\">\n\t\t\t\t\t\t\t\t\t\t\t<div class=\"qt-vi\">\n\t\t\t\t\t\t\t\t\t\t\t\t<h4 class=\"qt-item-title qt-title qt-capfont\">\n\t\t\t\t\t\t\t\t\t\t\t\t\t<a href=\"https:\/\/rocksoul919.com\/?shows=programacion-musical\" class=\"qt-ellipsis  qt-t\">Programaci\u00f3n musical<\/a>\n\t\t\t\t\t\t\t\t\t\t\t\t<\/h4>\n\t\t\t\t\t\t\t\t\t\t\t\t<p class=\"qt-item-det\">\n\t\t\t\t\t\t\t\t\t\t\t\t\t<span class=\"qt-time\">8:00<\/span><span class=\"qt-am\">am<\/span><span class=\"qt-day qt-capfont\">S\u00e1bado<\/span>\n\t\t\t\t\t\t\t\t\t\t\t\t<\/p>\n\t\t\t\t\t\t\t\t\t\t\t<\/div>\n\t\t\t\t\t\t\t\t\t\t<\/div>\n\t\t\t\t\t\t\t\t\t\t<span class=\"qt-info bottom right\"><i class=\"dripicons-information\"><\/i><\/span>\n\n\t\t\t\t\t\t\t\t\t\t\t\t\t\t\t\t\t\t\t\t\t<div class=\"qt-header-bg\" data-bgimage=\"https:\/\/rocksoul919.com\/wp-content\/uploads\/2023\/11\/cabina.png\">\n\t\t\t\t\t\t\t\t\t\t\t\t<img fetchpriority=\"high\" decoding=\"async\" width=\"690\" height=\"302\" src=\"https:\/\/rocksoul919.com\/wp-content\/uploads\/2023\/11\/cabina-690x302.png\" class=\"attachment-qantumthemes-medium size-qantumthemes-medium wp-post-image\" alt=\"\" srcset=\"https:\/\/rocksoul919.com\/wp-content\/uploads\/2023\/11\/cabina-690x302.png 690w, https:\/\/rocksoul919.com\/wp-content\/uploads\/2023\/11\/cabina-100x44.png 100w\" sizes=\"(max-width: 690px) 100vw, 690px\" \/>\t\t\t\t\t\t\t\t\t\t\t<\/div>\n\t\t\t\t\t\t\t\t\t\t \t\t\t\t\t\t\t\t\t<\/div>\n\t\t\t\t\t\t\t\t\t<div class=\"qt-overinfo qt-paper\">\n\t\t\t\t\t\t\t\t\t\t<p class=\"qt-item-det qt-accent\">\n\t\t\t\t\t\t\t\t\t\t\t<span class=\"qt-time\">8:00<\/span><span class=\"qt-am\">am<\/span><span class=\"qt-day qt-capfont\">S\u00e1bado<\/span>\n\t\t\t\t\t\t\t\t\t\t<\/p>\n\t\t\t\t\t\t\t\t\t\t<div class=\"qt-more\">\n\t\t\t\t\t\t\t\t\t\t\t<p class=\"qt-ellipsis-2\">Programaci\u00f3n musical sin locutor<\/p>\n\t\t\t\t\t\t\t\t\t\t\t<a href=\"https:\/\/rocksoul919.com\/?shows=programacion-musical\">Ver M\u00e1s<\/a>\n\t\t\t\t\t\t\t\t\t\t<\/div>\n\t\t\t\t\t\t\t\t\t<\/div>\n\t\t\t\t\t\t\t\t<\/div>\n\t\t\t\t\t\t\t<\/div>\n\t\t\t\t\t\t\t<!-- SCHEDULE SHOW END ========================= -->\n\t\t\t\t\t\t\t\t\t\t\t\t\t<!-- SCHEDULE SHOW ========================= -->\n\t\t\t\t\t\t\t<div class=\"col s12 m4 l4\">\n\t\t\t\t\t\t\t\t<div class=\"qt-part-archive-item qt-part-show-schedule-day-item \">\n\t\t\t\t\t\t\t\t\t<div class=\"qt-item-header\">\n\t\t\t\t\t\t\t\t\t\t<div class=\"qt-header-mid qt-vc\">\n\t\t\t\t\t\t\t\t\t\t\t<div class=\"qt-vi\">\n\t\t\t\t\t\t\t\t\t\t\t\t<h4 class=\"qt-item-title qt-title qt-capfont\">\n\t\t\t\t\t\t\t\t\t\t\t\t\t<a href=\"https:\/\/rocksoul919.com\/?shows=marketeros\" class=\"qt-ellipsis  qt-t\">Marketeros<\/a>\n\t\t\t\t\t\t\t\t\t\t\t\t<\/h4>\n\t\t\t\t\t\t\t\t\t\t\t\t<p class=\"qt-item-det\">\n\t\t\t\t\t\t\t\t\t\t\t\t\t<span class=\"qt-time\">10:00<\/span><span class=\"qt-am\">am<\/span><span class=\"qt-day qt-capfont\">S\u00e1bado<\/span>\n\t\t\t\t\t\t\t\t\t\t\t\t<\/p>\n\t\t\t\t\t\t\t\t\t\t\t<\/div>\n\t\t\t\t\t\t\t\t\t\t<\/div>\n\t\t\t\t\t\t\t\t\t\t<span class=\"qt-info bottom right\"><i class=\"dripicons-information\"><\/i><\/span>\n\n\t\t\t\t\t\t\t\t\t\t\t\t\t\t\t\t\t\t\t\t\t<div class=\"qt-header-bg\" data-bgimage=\"https:\/\/rocksoul919.com\/wp-content\/uploads\/2015\/03\/polo.png\">\n\t\t\t\t\t\t\t\t\t\t\t\t<img decoding=\"async\" width=\"690\" height=\"302\" src=\"https:\/\/rocksoul919.com\/wp-content\/uploads\/2015\/03\/polo-690x302.png\" class=\"attachment-qantumthemes-medium size-qantumthemes-medium wp-post-image\" alt=\"\" srcset=\"https:\/\/rocksoul919.com\/wp-content\/uploads\/2015\/03\/polo-690x302.png 690w, https:\/\/rocksoul919.com\/wp-content\/uploads\/2015\/03\/polo-100x44.png 100w\" sizes=\"(max-width: 690px) 100vw, 690px\" \/>\t\t\t\t\t\t\t\t\t\t\t<\/div>\n\t\t\t\t\t\t\t\t\t\t \t\t\t\t\t\t\t\t\t<\/div>\n\t\t\t\t\t\t\t\t\t<div class=\"qt-overinfo qt-paper\">\n\t\t\t\t\t\t\t\t\t\t<p class=\"qt-item-det qt-accent\">\n\t\t\t\t\t\t\t\t\t\t\t<span class=\"qt-time\">10:00<\/span><span class=\"qt-am\">am<\/span><span class=\"qt-day qt-capfont\">S\u00e1bado<\/span>\n\t\t\t\t\t\t\t\t\t\t<\/p>\n\t\t\t\t\t\t\t\t\t\t<div class=\"qt-more\">\n\t\t\t\t\t\t\t\t\t\t\t<p class=\"qt-ellipsis-2\">Esc\u00fachalo\r\n\r\nTodos los s\u00e1bados de 10:00 a 12:00 hrs.[...]<\/p>\n\t\t\t\t\t\t\t\t\t\t\t<a href=\"https:\/\/rocksoul919.com\/?shows=marketeros\">Ver M\u00e1s<\/a>\n\t\t\t\t\t\t\t\t\t\t<\/div>\n\t\t\t\t\t\t\t\t\t<\/div>\n\t\t\t\t\t\t\t\t<\/div>\n\t\t\t\t\t\t\t<\/div>\n\t\t\t\t\t\t\t<!-- SCHEDULE SHOW END ========================= -->\n\t\t\t\t\t\t\t\t\t\t\t\t\t<!-- SCHEDULE SHOW ========================= -->\n\t\t\t\t\t\t\t<div class=\"col s12 m4 l4\">\n\t\t\t\t\t\t\t\t<div class=\"qt-part-archive-item qt-part-show-schedule-day-item \">\n\t\t\t\t\t\t\t\t\t<div class=\"qt-item-header\">\n\t\t\t\t\t\t\t\t\t\t<div class=\"qt-header-mid qt-vc\">\n\t\t\t\t\t\t\t\t\t\t\t<div class=\"qt-vi\">\n\t\t\t\t\t\t\t\t\t\t\t\t<h4 class=\"qt-item-title qt-title qt-capfont\">\n\t\t\t\t\t\t\t\t\t\t\t\t\t<a href=\"https:\/\/rocksoul919.com\/?shows=programacion-musical\" class=\"qt-ellipsis  qt-t\">Programaci\u00f3n musical<\/a>\n\t\t\t\t\t\t\t\t\t\t\t\t<\/h4>\n\t\t\t\t\t\t\t\t\t\t\t\t<p class=\"qt-item-det\">\n\t\t\t\t\t\t\t\t\t\t\t\t\t<span class=\"qt-time\">12:00<\/span><span class=\"qt-am\">pm<\/span><span class=\"qt-day qt-capfont\">S\u00e1bado<\/span>\n\t\t\t\t\t\t\t\t\t\t\t\t<\/p>\n\t\t\t\t\t\t\t\t\t\t\t<\/div>\n\t\t\t\t\t\t\t\t\t\t<\/div>\n\t\t\t\t\t\t\t\t\t\t<span class=\"qt-info bottom right\"><i class=\"dripicons-information\"><\/i><\/span>\n\n\t\t\t\t\t\t\t\t\t\t\t\t\t\t\t\t\t\t\t\t\t<div class=\"qt-header-bg\" data-bgimage=\"https:\/\/rocksoul919.com\/wp-content\/uploads\/2023\/11\/cabina.png\">\n\t\t\t\t\t\t\t\t\t\t\t\t<img fetchpriority=\"high\" decoding=\"async\" width=\"690\" height=\"302\" src=\"https:\/\/rocksoul919.com\/wp-content\/uploads\/2023\/11\/cabina-690x302.png\" class=\"attachment-qantumthemes-medium size-qantumthemes-medium wp-post-image\" alt=\"\" srcset=\"https:\/\/rocksoul919.com\/wp-content\/uploads\/2023\/11\/cabina-690x302.png 690w, https:\/\/rocksoul919.com\/wp-content\/uploads\/2023\/11\/cabina-100x44.png 100w\" sizes=\"(max-width: 690px) 100vw, 690px\" \/>\t\t\t\t\t\t\t\t\t\t\t<\/div>\n\t\t\t\t\t\t\t\t\t\t \t\t\t\t\t\t\t\t\t<\/div>\n\t\t\t\t\t\t\t\t\t<div class=\"qt-overinfo qt-paper\">\n\t\t\t\t\t\t\t\t\t\t<p class=\"qt-item-det qt-accent\">\n\t\t\t\t\t\t\t\t\t\t\t<span class=\"qt-time\">12:00<\/span><span class=\"qt-am\">pm<\/span><span class=\"qt-day qt-capfont\">S\u00e1bado<\/span>\n\t\t\t\t\t\t\t\t\t\t<\/p>\n\t\t\t\t\t\t\t\t\t\t<div class=\"qt-more\">\n\t\t\t\t\t\t\t\t\t\t\t<p class=\"qt-ellipsis-2\">Programaci\u00f3n musical sin locutor<\/p>\n\t\t\t\t\t\t\t\t\t\t\t<a href=\"https:\/\/rocksoul919.com\/?shows=programacion-musical\">Ver M\u00e1s<\/a>\n\t\t\t\t\t\t\t\t\t\t<\/div>\n\t\t\t\t\t\t\t\t\t<\/div>\n\t\t\t\t\t\t\t\t<\/div>\n\t\t\t\t\t\t\t<\/div>\n\t\t\t\t\t\t\t<!-- SCHEDULE SHOW END ========================= -->\n\t\t\t\t\t\t<\/div>\n<!-- SCHEDULE DAY END ================================================== -->\t\t\t<\/div>\n\t\t\t\t\t<div id=\"sunday\" class=\"qt-show-schedule-day qt-isactive-\">\n\t\t\t\t<!-- SCHEDULE DAY ================================================== -->\n<div class=\"qt-show-schedule-day row qt-active-\">\n\t\t\t\t\t\t\t\t<!-- SCHEDULE SHOW ========================= -->\n\t\t\t\t\t\t\t<div class=\"col s12 m4 l4\">\n\t\t\t\t\t\t\t\t<div class=\"qt-part-archive-item qt-part-show-schedule-day-item \">\n\t\t\t\t\t\t\t\t\t<div class=\"qt-item-header\">\n\t\t\t\t\t\t\t\t\t\t<div class=\"qt-header-mid qt-vc\">\n\t\t\t\t\t\t\t\t\t\t\t<div class=\"qt-vi\">\n\t\t\t\t\t\t\t\t\t\t\t\t<h4 class=\"qt-item-title qt-title qt-capfont\">\n\t\t\t\t\t\t\t\t\t\t\t\t\t<a href=\"https:\/\/rocksoul919.com\/?shows=programacion-musical\" class=\"qt-ellipsis  qt-t\">Programaci\u00f3n musical<\/a>\n\t\t\t\t\t\t\t\t\t\t\t\t<\/h4>\n\t\t\t\t\t\t\t\t\t\t\t\t<p class=\"qt-item-det\">\n\t\t\t\t\t\t\t\t\t\t\t\t\t<span class=\"qt-time\">12:00<\/span><span class=\"qt-am\">am<\/span><span class=\"qt-day qt-capfont\">Domingo<\/span>\n\t\t\t\t\t\t\t\t\t\t\t\t<\/p>\n\t\t\t\t\t\t\t\t\t\t\t<\/div>\n\t\t\t\t\t\t\t\t\t\t<\/div>\n\t\t\t\t\t\t\t\t\t\t<span class=\"qt-info bottom right\"><i class=\"dripicons-information\"><\/i><\/span>\n\n\t\t\t\t\t\t\t\t\t\t\t\t\t\t\t\t\t\t\t\t\t<div class=\"qt-header-bg\" data-bgimage=\"https:\/\/rocksoul919.com\/wp-content\/uploads\/2023\/11\/cabina.png\">\n\t\t\t\t\t\t\t\t\t\t\t\t<img fetchpriority=\"high\" decoding=\"async\" width=\"690\" height=\"302\" src=\"https:\/\/rocksoul919.com\/wp-content\/uploads\/2023\/11\/cabina-690x302.png\" class=\"attachment-qantumthemes-medium size-qantumthemes-medium wp-post-image\" alt=\"\" srcset=\"https:\/\/rocksoul919.com\/wp-content\/uploads\/2023\/11\/cabina-690x302.png 690w, https:\/\/rocksoul919.com\/wp-content\/uploads\/2023\/11\/cabina-100x44.png 100w\" sizes=\"(max-width: 690px) 100vw, 690px\" \/>\t\t\t\t\t\t\t\t\t\t\t<\/div>\n\t\t\t\t\t\t\t\t\t\t \t\t\t\t\t\t\t\t\t<\/div>\n\t\t\t\t\t\t\t\t\t<div class=\"qt-overinfo qt-paper\">\n\t\t\t\t\t\t\t\t\t\t<p class=\"qt-item-det qt-accent\">\n\t\t\t\t\t\t\t\t\t\t\t<span class=\"qt-time\">12:00<\/span><span class=\"qt-am\">am<\/span><span class=\"qt-day qt-capfont\">Domingo<\/span>\n\t\t\t\t\t\t\t\t\t\t<\/p>\n\t\t\t\t\t\t\t\t\t\t<div class=\"qt-more\">\n\t\t\t\t\t\t\t\t\t\t\t<p class=\"qt-ellipsis-2\">Programaci\u00f3n musical sin locutor<\/p>\n\t\t\t\t\t\t\t\t\t\t\t<a href=\"https:\/\/rocksoul919.com\/?shows=programacion-musical\">Ver M\u00e1s<\/a>\n\t\t\t\t\t\t\t\t\t\t<\/div>\n\t\t\t\t\t\t\t\t\t<\/div>\n\t\t\t\t\t\t\t\t<\/div>\n\t\t\t\t\t\t\t<\/div>\n\t\t\t\t\t\t\t<!-- SCHEDULE SHOW END ========================= -->\n\t\t\t\t\t\t<\/div>\n<!-- SCHEDULE DAY END ================================================== -->\t\t\t<\/div>\n\t\t<\/div>\n<!-- SCHEDULE END ================================================== -->\n\t\t\t\t<\/div>\n\t\t\t\t<\/div>\n\t\t\t\t\t<\/div>\n\t\t<\/div>\n\t\t\t\t\t<\/div>\n\t\t<\/section>\n\t\t\t\t<\/div>\n\t\t","protected":false},"excerpt":{"rendered":"<p>AHORA, AL AIRE Al Aire Ahora El Horario Incorrecto con Lucio Morales 2:00 pm 4:00 pm A CONTINUACI\u00d3N Lunes a Viernes 4:00 pm Playlist Lunes a Viernes 6:00 pm Rock en Espa\u00f1ol Rock Lunes a Viernes 7:00 pm Programaci\u00f3n musical Rock Lunes a Viernes 10:00 pm Rock &#038; Soft Lunes a Viernes S\u00e1bado Domingo Escoge [&hellip;]<\/p>\n","protected":false},"author":2,"featured_media":0,"parent":0,"menu_order":0,"comment_status":"closed","ping_status":"closed","template":"page-elementor.php","meta":{"_coblocks_attr":"","_coblocks_dimensions":"","_coblocks_responsive_height":"","_coblocks_accordion_ie_support":"","footnotes":""},"class_list":["post-4088","page","type-page","status-publish","hentry"],"_links":{"self":[{"href":"https:\/\/rocksoul919.com\/index.php?rest_route=\/wp\/v2\/pages\/4088","targetHints":{"allow":["GET"]}}],"collection":[{"href":"https:\/\/rocksoul919.com\/index.php?rest_route=\/wp\/v2\/pages"}],"about":[{"href":"https:\/\/rocksoul919.com\/index.php?rest_route=\/wp\/v2\/types\/page"}],"author":[{"embeddable":true,"href":"https:\/\/rocksoul919.com\/index.php?rest_route=\/wp\/v2\/users\/2"}],"replies":[{"embeddable":true,"href":"https:\/\/rocksoul919.com\/index.php?rest_route=%2Fwp%2Fv2%2Fcomments&post=4088"}],"version-history":[{"count":31,"href":"https:\/\/rocksoul919.com\/index.php?rest_route=\/wp\/v2\/pages\/4088\/revisions"}],"predecessor-version":[{"id":4698,"href":"https:\/\/rocksoul919.com\/index.php?rest_route=\/wp\/v2\/pages\/4088\/revisions\/4698"}],"wp:attachment":[{"href":"https:\/\/rocksoul919.com\/index.php?rest_route=%2Fwp%2Fv2%2Fmedia&parent=4088"}],"curies":[{"name":"wp","href":"https:\/\/api.w.org\/{rel}","templated":true}]}}